{"id":1030,"date":"2020-01-28T20:53:51","date_gmt":"2020-01-28T20:53:51","guid":{"rendered":"http:\/\/www.coixinera.cat\/?page_id=1030"},"modified":"2020-03-29T17:50:32","modified_gmt":"2020-03-29T17:50:32","slug":"tenim-i-tindrem","status":"publish","type":"page","link":"http:\/\/www.coixinera.cat\/?page_id=1030","title":{"rendered":"Tenim i tindrem!"},"content":{"rendered":"Aqu\u00ed teniu el nostre darrer disc (2020) amb col\u00b7laboracions de Joseba Tapia, Miquel Gil, Joan Rovira, Valtonyc, Llu\u00eds Puig, Carles Belda Valls, Ferran Exceso, Lu Fabr\u00e9s, Roc Casagran, Maira Comalat, El pot petit,  Josep Sebasti\u00e0, Pau Vinyoles, Pau Ben\u00edtez, Joan Bonanit i alguns dels presos pol\u00edtics, on us parlem de llibertat, de somnis, de pres\u00f3, d\u2019exili, de retrobaments&#8230;\r\n\n <div id=\"wrapperMI_0\" class=\"wrap-mjp nostop \" style=\"position: relative; padding:5px 0px 30px 0px; margin:0px; width:100%;\">\n\t<div style=\"display:none;\" class=\"Eabove-mjp\" id=\"Eabove-mjp_0\"><\/div>\n\t <div class=\"subwrap-MI\">\n\t\t <div class=\"jp-innerwrap\">\n\t\t\t <div class=\"innerx\"><\/div>\n\t\t\t <div class=\"innerleft\"><\/div>\n\t\t\t <div class=\"innerright\"><\/div>\n\t\t\t <div class=\"innertab\"><\/div>\n\t\t\t <div class=\"interface-mjp\" style=\"height:120px;\" id=\"interfaceMI_0\">\n\t\t\t\t <div class=\"MI-image Himg right-mjp\" id=\"MI_image_0\" style=\" width:auto; height:120px; overflow:hidden;\"><\/div>\n\t\t\t\t <div id=\"T_mp3j_0\" class=\"player-track-title left-mjp bold-mjp plain-mjp childNorm-mjp childItalic-mjp\" style=\"left:16px; right:16px;  top:20px;\"><\/div>\n\t\t\t\t <div class=\"bars_holder\">\n\t\t\t\t\t <div class=\"loadMI_mp3j\" id=\"load_mp3j_0\"><\/div>\n\t\t\t\t\t <div class=\"poscolMI_mp3j soften-mjp\" id=\"poscol_mp3j_0\"><\/div>\n\t\t\t\t\t <div class=\"posbarMI_mp3j\" id=\"posbar_mp3j_0\"><\/div>\n\t\t\t\t <\/div>\n\t\t\t\t <div id=\"P-Time-MI_0\" class=\"jp-play-time\"><\/div>\n\t\t\t\t <div id=\"T-Time-MI_0\" class=\"jp-total-time\"><\/div>\n\t\t\t\t <div id=\"statusMI_0\" class=\"statusMI\"><\/div>\n\t\t\t\t <div class=\"transport-MI\"><div class=\"play-mjp\" id=\"playpause_mp3j_0\">Play<\/div><div class=\"stop-mjp\" id=\"stop_mp3j_0\">Stop<\/div><div class=\"next-mjp\" id=\"Next_mp3j_0\">Next&raquo;<\/div><div class=\"prev-mjp\" id=\"Prev_mp3j_0\">&laquo;Prev<\/div><\/div>\n\t\t\t\t <div class=\"buttons-wrap-mjp\" id=\"buttons-wrap-mjp_0\">\n\t\t\t\t\t <div class=\"playlist-toggle-MI\" id=\"playlist-toggle_0\">HIDE PLAYLIST<\/div>\n\t\t\t\t\t <div class=\"mp3j-popout-MI\" id=\"lpp_mp3j_0\" style=\"\">Popout<\/div>\n\t\t\t\t\t \n\t\t\t\t <\/div>\n\t\t\t <\/div>\n\t\t\t <div class=\"mjp-volwrap\">\n\t\t\t\t <div class=\"MIsliderVolume\" id=\"vol_mp3j_0\"><\/div>\n\t\t\t\t <div class=\"innerExt1\" id=\"innerExt1_0\"><\/div>\n\t\t\t\t <div class=\"innerExt2\" id=\"innerExt2_0\"><\/div>\n\t\t\t <\/div>\n\t\t <\/div>\n\t\t <div style=\"display:none;\" class=\"Ebetween-mjp\" id=\"Ebetween-mjp_0\"><\/div>\n\t\t <div class=\"listwrap_mp3j\" id=\"L_mp3j_0\" style=\"overflow:auto; max-height:450px;\"><div class=\"wrapper-mjp\"><div class=\"playlist-colour\"><\/div><div class=\"wrapper-mjp\"><ul class=\"ul-mjp lighten1-mjp childNorm-mjp childPlain-mjp left-mjp\" id=\"UL_mp3j_0\"><li><\/li><\/ul><\/div><\/div><\/div>\n\t <\/div>\n\t <div id=\"mp3j_finfo_0\" class=\"mp3j-finfo\" style=\"display:none;\"><div class=\"mp3j-finfo-sleeve\"><div id=\"mp3j_finfo_gif_0\" class=\"mp3j-finfo-gif\"><\/div><div id=\"mp3j_finfo_txt_0\" class=\"mp3j-finfo-txt\"><\/div><div class=\"mp3j-finfo-close\" id=\"mp3j_finfo_close_0\">X<\/div><\/div><\/div><div id=\"mp3j_dlf_0\" class=\"mp3j-dlframe\" style=\"display:none;\"><\/div>\n\t <div class=\"mp3j-nosolution\" id=\"mp3j_nosolution_0\" style=\"display:none;\"><\/div>\n\t <div style=\"display:none;\" class=\"Ebelow-mjp\" id=\"Ebelow-mjp_0\"><\/div>\n <\/div> \n<script>\nMP3jPLAYLISTS.MI_0 = [\n\t{ name: \"Qu\u00e8 tenim?\", formats: [\"mp3\"], mp3: \"aHR0cDovL3d3dy5jb2l4aW5lcmEuY2F0L3dwLWNvbnRlbnQvdXBsb2Fkcy8yMDIwLzAzLzAxLVF1ZcyALXRlbmltXy5tcDM=\", counterpart:\"\", artist: \"\", image: \"http:\/\/www.coixinera.cat\/wp-content\/uploads\/2020\/03\/01-Que\u0300-tenim_-mp3-image-1024x1024.jpg\", imgurl: \"\" },\n\t{ name: \"Les tres ninetes\", formats: [\"mp3\"], mp3: \"aHR0cDovL3d3dy5jb2l4aW5lcmEuY2F0L3dwLWNvbnRlbnQvdXBsb2Fkcy8yMDIwLzAzLzAyLUxlcy10cmVzLW5pbmV0ZXMubXAz\", counterpart:\"\", artist: \"\", image: \"http:\/\/www.coixinera.cat\/wp-content\/uploads\/2020\/03\/01-Que\u0300-tenim_-mp3-image-1024x1024.jpg\", imgurl: \"\" },\n\t{ name: \"Les quatre banderes\", formats: [\"mp3\"], mp3: \"aHR0cDovL3d3dy5jb2l4aW5lcmEuY2F0L3dwLWNvbnRlbnQvdXBsb2Fkcy8yMDIwLzAzLzAzLUxlcy1xdWF0cmUtYmFuZGVyZXMubXAz\", counterpart:\"\", artist: \"\", image: \"http:\/\/www.coixinera.cat\/wp-content\/uploads\/2020\/03\/01-Que\u0300-tenim_-mp3-image-1024x1024.jpg\", imgurl: \"\" },\n\t{ name: \"Direm\", formats: [\"mp3\"], mp3: \"aHR0cDovL3d3dy5jb2l4aW5lcmEuY2F0L3dwLWNvbnRlbnQvdXBsb2Fkcy8yMDIwLzAzLzA0LURpcmVtLm1wMw==\", counterpart:\"\", artist: \"\", image: \"http:\/\/www.coixinera.cat\/wp-content\/uploads\/2020\/03\/01-Que\u0300-tenim_-mp3-image-1024x1024.jpg\", imgurl: \"\" },\n\t{ name: \"Astoaren kanta\", formats: [\"mp3\"], mp3: \"aHR0cDovL3d3dy5jb2l4aW5lcmEuY2F0L3dwLWNvbnRlbnQvdXBsb2Fkcy8yMDIwLzAzLzA1LUFzdG9hcmVuLWthbnRhLm1wMw==\", counterpart:\"\", artist: \"\", image: \"http:\/\/www.coixinera.cat\/wp-content\/uploads\/2020\/03\/01-Que\u0300-tenim_-mp3-image-1024x1024.jpg\", imgurl: \"\" },\n\t{ name: \"La calma de la mar\", formats: [\"mp3\"], mp3: \"aHR0cDovL3d3dy5jb2l4aW5lcmEuY2F0L3dwLWNvbnRlbnQvdXBsb2Fkcy8yMDIwLzAzLzA2LUxhLWNhbG1hLWRlLWxhLW1hci5tcDM=\", counterpart:\"\", artist: \"\", image: \"http:\/\/www.coixinera.cat\/wp-content\/uploads\/2020\/03\/01-Que\u0300-tenim_-mp3-image-1024x1024.jpg\", imgurl: \"\" },\n\t{ name: \"Ser\u00e9 gavina\", formats: [\"mp3\"], mp3: \"aHR0cDovL3d3dy5jb2l4aW5lcmEuY2F0L3dwLWNvbnRlbnQvdXBsb2Fkcy8yMDIwLzAzLzA3LVNlcmXMgS1nYXZpbmEubXAz\", counterpart:\"\", artist: \"\", image: \"http:\/\/www.coixinera.cat\/wp-content\/uploads\/2020\/03\/01-Que\u0300-tenim_-mp3-image-1024x1024.jpg\", imgurl: \"\" },\n\t{ name: \"Corrandes d'exili\", formats: [\"mp3\"], mp3: \"aHR0cDovL3d3dy5jb2l4aW5lcmEuY2F0L3dwLWNvbnRlbnQvdXBsb2Fkcy8yMDIwLzAzLzA4LUNvcnJhbmRlcy1kZXhpbGkubXAz\", counterpart:\"\", artist: \"\", image: \"http:\/\/www.coixinera.cat\/wp-content\/uploads\/2020\/03\/01-Que\u0300-tenim_-mp3-image-1024x1024.jpg\", imgurl: \"\" },\n\t{ name: \"1-O\", formats: [\"mp3\"], mp3: \"aHR0cDovL3d3dy5jb2l4aW5lcmEuY2F0L3dwLWNvbnRlbnQvdXBsb2Fkcy8yMDIwLzAzLzA5LTEtTy5tcDM=\", counterpart:\"\", artist: \"\", image: \"http:\/\/www.coixinera.cat\/wp-content\/uploads\/2020\/03\/01-Que\u0300-tenim_-mp3-image-1024x1024.jpg\", imgurl: \"\" },\n\t{ name: \"La pres\u00f3 de Lleida\", formats: [\"mp3\"], mp3: \"aHR0cDovL3d3dy5jb2l4aW5lcmEuY2F0L3dwLWNvbnRlbnQvdXBsb2Fkcy8yMDIwLzAzLzEwLUxhLXByZXNvzIEtZGUtTGxlaWRhLm1wMw==\", counterpart:\"\", artist: \"\", image: \"http:\/\/www.coixinera.cat\/wp-content\/uploads\/2020\/03\/01-Que\u0300-tenim_-mp3-image-1024x1024.jpg\", imgurl: \"\" },\n\t{ name: \"Tot explota pel cap o per la pota\", formats: [\"mp3\"], mp3: \"aHR0cDovL3d3dy5jb2l4aW5lcmEuY2F0L3dwLWNvbnRlbnQvdXBsb2Fkcy8yMDIwLzAzLzExLVRvdC1leHBsb3RhLXBlbC1jYXAtby1wZXItbGEtcG90YS5tcDM=\", counterpart:\"\", artist: \"\", image: \"http:\/\/www.coixinera.cat\/wp-content\/uploads\/2020\/03\/01-Que\u0300-tenim_-mp3-image-1024x1024.jpg\", imgurl: \"\" },\n\t{ name: \"Bona nit\", formats: [\"mp3\"], mp3: \"aHR0cDovL3d3dy5jb2l4aW5lcmEuY2F0L3dwLWNvbnRlbnQvdXBsb2Fkcy8yMDIwLzAzLzEyLUJvbmEtbml0Lm1wMw==\", counterpart:\"\", artist: \"\", image: \"http:\/\/www.coixinera.cat\/wp-content\/uploads\/2020\/03\/01-Que\u0300-tenim_-mp3-image-1024x1024.jpg\", imgurl: \"\" }\n];\n<\/script>\n\n<script>MP3jPLAYERS[0] = { list:MP3jPLAYLISTS.MI_0, tr:0, type:'MI', lstate:true, loop:false, play_txt:'Play', pause_txt:'Pause', pp_title:'La Coixinera', autoplay:false, download:false, vol:100, height:120, cssclass:'nostop ', popout_css:{ enabled:true, \t\t\tcolours: [\"#f0f0f0\", \"rgba(0, 0, 0, 0.13)\", \"rgba(16, 16, 16, 0.82)\", \"rgba(0, 73, 86, 0.59)\", \"rgba(0, 177, 180, 0.99)\", \"transparent\", \"transparent\", \"#202020\", \"#ffffff\", \"#bdfdf7\", \"#00e2f0\", \"\/\", 400, 600 ],\n\t\t\tcssInterface: { \"color\": \"#202020\" },\n\t\t\tcssTitle: { \"left\": \"16px\", \"right\":\"16px\", \"top\":\"20px\" },\n\t\t\tcssImage: { \"overflow\": \"hidden\", \"width\":\"auto\", \"height\":\"120px\"  },\n\t\t\tcssFontSize: { \"title\": \"23px\", \"caption\": \"16.1px\", \"list\": \"17px\" },\n\t\t\tclasses: { interface:'', title:' left-mjp bold-mjp plain-mjp childNorm-mjp childItalic-mjp', image:' Himg right-mjp', poscol:' soften-mjp', ul:' lighten1-mjp childNorm-mjp childPlain-mjp left-mjp' }} };<\/script>\n\n\r\n\r\n&nbsp;","protected":false},"excerpt":{"rendered":"<p>Aqu\u00ed teniu el nostre darrer disc (2020) amb col\u00b7laboracions de Joseba Tapia, Miquel Gil, Joan Rovira, Valtonyc, Llu\u00eds Puig, Carles Belda Valls, Ferran Exceso, Lu Fabr\u00e9s, Roc Casagran, Maira Comalat, El pot petit, Josep Sebasti\u00e0, Pau Vinyoles, Pau Ben\u00edtez, Joan Bonanit i alguns dels presos pol\u00edtics, on us parlem de llibertat, de somnis, de pres\u00f3, [&hellip;]<\/p>\n","protected":false},"author":1,"featured_media":1059,"parent":0,"menu_order":0,"comment_status":"closed","ping_status":"closed","template":"","meta":[],"_links":{"self":[{"href":"http:\/\/www.coixinera.cat\/index.php?rest_route=\/wp\/v2\/pages\/1030"}],"collection":[{"href":"http:\/\/www.coixinera.cat\/index.php?rest_route=\/wp\/v2\/pages"}],"about":[{"href":"http:\/\/www.coixinera.cat\/index.php?rest_route=\/wp\/v2\/types\/page"}],"author":[{"embeddable":true,"href":"http:\/\/www.coixinera.cat\/index.php?rest_route=\/wp\/v2\/users\/1"}],"replies":[{"embeddable":true,"href":"http:\/\/www.coixinera.cat\/index.php?rest_route=%2Fwp%2Fv2%2Fcomments&post=1030"}],"version-history":[{"count":11,"href":"http:\/\/www.coixinera.cat\/index.php?rest_route=\/wp\/v2\/pages\/1030\/revisions"}],"predecessor-version":[{"id":1056,"href":"http:\/\/www.coixinera.cat\/index.php?rest_route=\/wp\/v2\/pages\/1030\/revisions\/1056"}],"wp:featuredmedia":[{"embeddable":true,"href":"http:\/\/www.coixinera.cat\/index.php?rest_route=\/wp\/v2\/media\/1059"}],"wp:attachment":[{"href":"http:\/\/www.coixinera.cat\/index.php?rest_route=%2Fwp%2Fv2%2Fmedia&parent=1030"}],"curies":[{"name":"wp","href":"https:\/\/api.w.org\/{rel}","templated":true}]}}