{"id":909,"date":"2016-07-14T11:20:12","date_gmt":"2016-07-14T11:20:12","guid":{"rendered":"http:\/\/www.coixinera.cat\/?page_id=909"},"modified":"2016-08-05T12:49:05","modified_gmt":"2016-08-05T12:49:05","slug":"cosetes","status":"publish","type":"page","link":"http:\/\/www.coixinera.cat\/?page_id=909","title":{"rendered":"Cosetes&#8230;"},"content":{"rendered":"Aqu\u00ed teniu una selecci\u00f3 d&#8217;alguns temes apareguts en diferents reculls, mostres, publicacions i presentacions en les que hem col\u00b7laborat. \r\n&nbsp;<br>\r\n&nbsp;<br>\r\n\n <div id=\"wrapperMI_0\" class=\"wrap-mjp nostop \" style=\"position: relative; padding:5px 0px 30px 0px; margin:0px; width:100%;\">\n\t<div style=\"display:none;\" class=\"Eabove-mjp\" id=\"Eabove-mjp_0\"><\/div>\n\t <div class=\"subwrap-MI\">\n\t\t <div class=\"jp-innerwrap\">\n\t\t\t <div class=\"innerx\"><\/div>\n\t\t\t <div class=\"innerleft\"><\/div>\n\t\t\t <div class=\"innerright\"><\/div>\n\t\t\t <div class=\"innertab\"><\/div>\n\t\t\t <div class=\"interface-mjp\" style=\"height:120px;\" id=\"interfaceMI_0\">\n\t\t\t\t <div class=\"MI-image Himg right-mjp\" id=\"MI_image_0\" style=\" width:auto; height:120px; overflow:hidden;\"><\/div>\n\t\t\t\t <div id=\"T_mp3j_0\" class=\"player-track-title left-mjp bold-mjp plain-mjp childNorm-mjp childItalic-mjp\" style=\"left:16px; right:16px;  top:20px;\"><\/div>\n\t\t\t\t <div class=\"bars_holder\">\n\t\t\t\t\t <div class=\"loadMI_mp3j\" id=\"load_mp3j_0\"><\/div>\n\t\t\t\t\t <div class=\"poscolMI_mp3j soften-mjp\" id=\"poscol_mp3j_0\"><\/div>\n\t\t\t\t\t <div class=\"posbarMI_mp3j\" id=\"posbar_mp3j_0\"><\/div>\n\t\t\t\t <\/div>\n\t\t\t\t <div id=\"P-Time-MI_0\" class=\"jp-play-time\"><\/div>\n\t\t\t\t <div id=\"T-Time-MI_0\" class=\"jp-total-time\"><\/div>\n\t\t\t\t <div id=\"statusMI_0\" class=\"statusMI\"><\/div>\n\t\t\t\t <div class=\"transport-MI\"><div class=\"play-mjp\" id=\"playpause_mp3j_0\">Play<\/div><div class=\"stop-mjp\" id=\"stop_mp3j_0\">Stop<\/div><div class=\"next-mjp\" id=\"Next_mp3j_0\">Next&raquo;<\/div><div class=\"prev-mjp\" id=\"Prev_mp3j_0\">&laquo;Prev<\/div><\/div>\n\t\t\t\t <div class=\"buttons-wrap-mjp\" id=\"buttons-wrap-mjp_0\">\n\t\t\t\t\t <div class=\"playlist-toggle-MI\" id=\"playlist-toggle_0\">HIDE PLAYLIST<\/div>\n\t\t\t\t\t <div class=\"mp3j-popout-MI\" id=\"lpp_mp3j_0\" style=\"\">Popout<\/div>\n\t\t\t\t\t \n\t\t\t\t <\/div>\n\t\t\t <\/div>\n\t\t\t <div class=\"mjp-volwrap\">\n\t\t\t\t <div class=\"MIsliderVolume\" id=\"vol_mp3j_0\"><\/div>\n\t\t\t\t <div class=\"innerExt1\" id=\"innerExt1_0\"><\/div>\n\t\t\t\t <div class=\"innerExt2\" id=\"innerExt2_0\"><\/div>\n\t\t\t <\/div>\n\t\t <\/div>\n\t\t <div style=\"display:none;\" class=\"Ebetween-mjp\" id=\"Ebetween-mjp_0\"><\/div>\n\t\t <div class=\"listwrap_mp3j\" id=\"L_mp3j_0\" style=\"overflow:auto; max-height:450px;\"><div class=\"wrapper-mjp\"><div class=\"playlist-colour\"><\/div><div class=\"wrapper-mjp\"><ul class=\"ul-mjp lighten1-mjp childNorm-mjp childPlain-mjp left-mjp\" id=\"UL_mp3j_0\"><li><\/li><\/ul><\/div><\/div><\/div>\n\t <\/div>\n\t <div id=\"mp3j_finfo_0\" class=\"mp3j-finfo\" style=\"display:none;\"><div class=\"mp3j-finfo-sleeve\"><div id=\"mp3j_finfo_gif_0\" class=\"mp3j-finfo-gif\"><\/div><div id=\"mp3j_finfo_txt_0\" class=\"mp3j-finfo-txt\"><\/div><div class=\"mp3j-finfo-close\" id=\"mp3j_finfo_close_0\">X<\/div><\/div><\/div><div id=\"mp3j_dlf_0\" class=\"mp3j-dlframe\" style=\"display:none;\"><\/div>\n\t <div class=\"mp3j-nosolution\" id=\"mp3j_nosolution_0\" style=\"display:none;\"><\/div>\n\t <div style=\"display:none;\" class=\"Ebelow-mjp\" id=\"Ebelow-mjp_0\"><\/div>\n <\/div> \n<script>\nMP3jPLAYLISTS.MI_0 = [\n\t{ name: \"Sarau de mil dimonis - Titani\", formats: [\"mp3\"], mp3: \"aHR0cDovL3d3dy5jb2l4aW5lcmEuY2F0L3dwLWNvbnRlbnQvdXBsb2Fkcy8yMDE2LzA4LzA4LVRpdGFuaS5tcDM=\", counterpart:\"\", artist: \"\", image: \"http:\/\/www.coixinera.cat\/wp-content\/uploads\/2016\/08\/03-Dimonis-mp3-image.jpg\", imgurl: \"\" },\n\t{ name: \"Sarau de mil dimonis - Dimonis\", formats: [\"mp3\"], mp3: \"aHR0cDovL3d3dy5jb2l4aW5lcmEuY2F0L3dwLWNvbnRlbnQvdXBsb2Fkcy8yMDE2LzA4L1NhcmF1LWRlLW1pbC1kaW1vbmlzLURpbW9uaXMubXAz\", counterpart:\"\", artist: \"\", image: \"http:\/\/www.coixinera.cat\/wp-content\/uploads\/2016\/08\/03-Dimonis-mp3-image.jpg\", imgurl: \"\" },\n\t{ name: \"150 anys de l'escola Cor de Maria de Matar\u00f3 (*)\", formats: [\"mp3\"], mp3: \"aHR0cDovL3d3dy5jb2l4aW5lcmEuY2F0L3dwLWNvbnRlbnQvdXBsb2Fkcy8yMDE2LzA3LzE1MC1hbml2ZXJzYXJpLWRlbC1sZXNjb2xhLUNvci1kZS1NYXJpYS1kZS1NYXRhcsOzLm1wMw==\", counterpart:\"\", artist: \"\", image: \"http:\/\/www.coixinera.cat\/wp-content\/uploads\/2016\/07\/150-aniversari-del-lescola-Cor-de-Maria-de-Matar\u00f3-mp3-image.jpg\", imgurl: \"\" },\n\t{ name: \"Careta d'entrada del programa Terra de gegants (*)\", formats: [\"mp3\"], mp3: \"aHR0cDovL3d3dy5jb2l4aW5lcmEuY2F0L3dwLWNvbnRlbnQvdXBsb2Fkcy8yMDE2LzA3L1RlcnJhLWRlLWdlZ2FudHMubXAz\", counterpart:\"\", artist: \"\", image: \"http:\/\/www.coixinera.cat\/wp-content\/uploads\/2016\/07\/150-aniversari-del-lescola-Cor-de-Maria-de-Matar\u00f3-mp3-image.jpg\", imgurl: \"\" },\n\t{ name: \"Can\u00e7ons de Matar\u00f3 - L'Hereu Riera (*)\", formats: [\"mp3\"], mp3: \"aHR0cDovL3d3dy5jb2l4aW5lcmEuY2F0L3dwLWNvbnRlbnQvdXBsb2Fkcy8yMDE2LzA3L0NhbsOnb25zLWRlLU1hdGFyw7MtTEhlcmV1LVJpZXJhLm1wMw==\", counterpart:\"\", artist: \"\", image: \"http:\/\/www.coixinera.cat\/wp-content\/uploads\/2016\/07\/Can\u00e7ons-de-Matar\u00f3-LHereu-Riera-mp3-image.jpg\", imgurl: \"\" },\n\t{ name: \"M\u00fasiques de Premi\u00e0 - L'Atac (*)\", formats: [\"mp3\"], mp3: \"aHR0cDovL3d3dy5jb2l4aW5lcmEuY2F0L3dwLWNvbnRlbnQvdXBsb2Fkcy8yMDE2LzA3L03DunNpcXVlcy1kZS1QcmVtacOgLUxBdGFjLm1wMw==\", counterpart:\"\", artist: \"\", image: \"http:\/\/www.coixinera.cat\/wp-content\/uploads\/2016\/07\/M\u00fasiques-de-Premi\u00e0-La-Revolta-mp3-image.jpg\", imgurl: \"\" },\n\t{ name: \"M\u00fasiques de Premi\u00e0 - La Revolta (*)\", formats: [\"mp3\"], mp3: \"aHR0cDovL3d3dy5jb2l4aW5lcmEuY2F0L3dwLWNvbnRlbnQvdXBsb2Fkcy8yMDE2LzA3L03DunNpcXVlcy1kZS1QcmVtacOgLUxhLVJldm9sdGEubXAz\", counterpart:\"\", artist: \"\", image: \"http:\/\/www.coixinera.cat\/wp-content\/uploads\/2016\/07\/M\u00fasiques-de-Premi\u00e0-La-Revolta-mp3-image.jpg\", imgurl: \"\" },\n\t{ name: \"M\u00fasiques de Premi\u00e0 - L'Expulsi\u00f3 (*)\", formats: [\"mp3\"], mp3: \"aHR0cDovL3d3dy5jb2l4aW5lcmEuY2F0L3dwLWNvbnRlbnQvdXBsb2Fkcy8yMDE2LzA3L03DunNpcXVlcy1kZS1QcmVtacOgLUxFeHB1bHNpw7MubXAz\", counterpart:\"\", artist: \"\", image: \"http:\/\/www.coixinera.cat\/wp-content\/uploads\/2016\/07\/M\u00fasiques-de-Premi\u00e0-La-Revolta-mp3-image.jpg\", imgurl: \"\" },\n\t{ name: \"Tradicion\u00e0rius 2008 - Qui per tu ser\u00e0\", formats: [\"mp3\"], mp3: \"aHR0cDovL3d3dy5jb2l4aW5lcmEuY2F0L3dwLWNvbnRlbnQvdXBsb2Fkcy8yMDE2LzA3L1RyYWRpY2lvbsOgcml1cy0yMDA4LVF1aS1wZXItdHUtc2Vyw6AubXAz\", counterpart:\"\", artist: \"\", image: \"http:\/\/www.coixinera.cat\/wp-content\/uploads\/2016\/07\/Tradicion\u00e0rius-2008-Qui-per-tu-ser\u00e0-mp3-image.jpg\", imgurl: \"\" },\n\t{ name: \"Tradicion\u00e0rius 2007 - 20 anys - Hereu Riera\", formats: [\"mp3\"], mp3: \"aHR0cDovL3d3dy5jb2l4aW5lcmEuY2F0L3dwLWNvbnRlbnQvdXBsb2Fkcy8yMDE2LzA3LzIwLUFueXMtVHJhZGljaW9uw6ByaXVzLUhlcmV1LXJpZXJhLm1wMw==\", counterpart:\"\", artist: \"\", image: \"http:\/\/www.coixinera.cat\/wp-content\/uploads\/2016\/07\/20-Anys-Tradicion\u00e0rius-Hereu-riera-mp3-image.jpg\", imgurl: \"\" },\n\t{ name: \"Tradicion\u00e0rius 2005 - Ballades (*)\", formats: [\"m4a\"], mp3: \"aHR0cDovL3d3dy5jb2l4aW5lcmEuY2F0L3dwLWNvbnRlbnQvdXBsb2Fkcy8yMDE2LzA4L0JhbGxhZGVzLm00YQ==\", counterpart:\"\", artist: \"\", image: \"http:\/\/www.coixinera.cat\/wp-content\/uploads\/2016\/08\/Ballades-m4a-image.jpg\", imgurl: \"\" },\n\t{ name: \"Tradicion\u00e0rius 2004 - Quatre + 1\", formats: [\"mp3\"], mp3: \"aHR0cDovL3d3dy5jb2l4aW5lcmEuY2F0L3dwLWNvbnRlbnQvdXBsb2Fkcy8yMDE2LzA3L1RyYWRpY2lvbsOgcml1cy0yMDA0LVF1YXRyZS0xLm1wMw==\", counterpart:\"\", artist: \"\", image: \"http:\/\/www.coixinera.cat\/wp-content\/uploads\/2016\/07\/Tradicion\u00e0rius-2004-Quatre-1-mp3-image.jpg\", imgurl: \"\" },\n\t{ name: \"Tradicion\u00e0rius 2003 - Despr\u00e9s del Concert (*)\", formats: [\"m4a\"], mp3: \"aHR0cDovL3d3dy5jb2l4aW5lcmEuY2F0L3dwLWNvbnRlbnQvdXBsb2Fkcy8yMDE2LzA4L0Rlc3Byw6lzLWRlbC1Db25jZXJ0Lm00YQ==\", counterpart:\"\", artist: \"\", image: \"http:\/\/www.coixinera.cat\/wp-content\/uploads\/2016\/08\/Despr\u00e9s-del-Concert-m4a-image.jpg\", imgurl: \"\" },\n\t{ name: \"Tradicion\u00e0rius 2002 - Ball de noces d'Arenys de Munt\", formats: [\"mp3\"], mp3: \"aHR0cDovL3d3dy5jb2l4aW5lcmEuY2F0L3dwLWNvbnRlbnQvdXBsb2Fkcy8yMDE2LzA3L1RyYWRpY2lvbsOgcml1cy0yMDAyLUJhbGwtZGUtbm9jZXMtZEFyZW55cy1kZS1NdW50Lm1wMw==\", counterpart:\"\", artist: \"\", image: \"http:\/\/www.coixinera.cat\/wp-content\/uploads\/2016\/07\/Tradicion\u00e0rius-2002-Ball-de-noces-dArenys-de-Munt-mp3-image.jpg\", imgurl: \"\" },\n\t{ name: \"10 Anys Atzucac - Va de porcs\", formats: [\"mp3\"], mp3: \"aHR0cDovL3d3dy5jb2l4aW5lcmEuY2F0L3dwLWNvbnRlbnQvdXBsb2Fkcy8yMDE2LzA3LzEwLUFueXMtQXR6dWNhYy1WYS1kZS1wb3Jjcy5tcDM=\", counterpart:\"\", artist: \"\", image: \"http:\/\/www.coixinera.cat\/wp-content\/uploads\/2016\/07\/10-Anys-Atzucac-Va-de-porcs-mp3-image.jpg\", imgurl: \"\" },\n\t{ name: \"Arran, cultura de resist\u00e8ncia - El petit vailet\", formats: [\"mp3\"], mp3: \"aHR0cDovL3d3dy5jb2l4aW5lcmEuY2F0L3dwLWNvbnRlbnQvdXBsb2Fkcy8yMDE2LzA3L0FycmFuLUN1bHR1cmEtZGUtUmVzaXN0w6huY2lhLUVsLXBldGl0LXZhaWxldC5tcDM=\", counterpart:\"\", artist: \"\", image: \"http:\/\/www.coixinera.cat\/wp-content\/uploads\/2016\/07\/Arran-Cultura-de-Resist\u00e8ncia-El-petit-vailet-mp3-image.jpg\", imgurl: \"\" },\n\t{ name: \"Matar\u00f3 versiona els Pastorets - Qui per tu sera\", formats: [\"mp3\"], mp3: \"aHR0cDovL3d3dy5jb2l4aW5lcmEuY2F0L3dwLWNvbnRlbnQvdXBsb2Fkcy8yMDE2LzA3L01hdGFyw7MtdmVyc2lvbmEtZWxzLVBhc3RvcmV0cy1RdWktcGVyLXR1LXNlcmEubXAz\", counterpart:\"\", artist: \"\", image: \"http:\/\/www.coixinera.cat\/wp-content\/uploads\/2016\/07\/Matar\u00f3-versiona-els-Pastorets-Qui-per-tu-sera-mp3-image.jpg\", imgurl: \"\" },\n\t{ name: \"Rebrot 2004 - Ball de noces d'Arenys de Munt\", formats: [\"mp3\"], mp3: \"aHR0cDovL3d3dy5jb2l4aW5lcmEuY2F0L3dwLWNvbnRlbnQvdXBsb2Fkcy8yMDE2LzA3L1JlYnJvdC0yMDA0LUJhbGwtZGUtbm9jZXMtZEFyZW55cy1kZS1NdW50Lm1wMw==\", counterpart:\"\", artist: \"\", image: \"http:\/\/www.coixinera.cat\/wp-content\/uploads\/2016\/07\/Rebrot-2004-Ball-de-noces-dArenys-de-Munt-mp3-image.jpg\", imgurl: \"\" },\n\t{ name: \"Mediterr\u00e0nia 2004 - El petit vailet\", formats: [\"mp3\"], mp3: \"aHR0cDovL3d3dy5jb2l4aW5lcmEuY2F0L3dwLWNvbnRlbnQvdXBsb2Fkcy8yMDE2LzA3L01lZGl0ZXJyw6BuaWEtMjAwNC1FbC1wZXRpdC12YWlsZXQubXAz\", counterpart:\"\", artist: \"\", image: \"http:\/\/www.coixinera.cat\/wp-content\/uploads\/2016\/07\/Mediterr\u00e0nia-2004-El-petit-vailet-mp3-image.jpg\", imgurl: \"\" }\n];\n<\/script>\n\n<script>MP3jPLAYERS[0] = { list:MP3jPLAYLISTS.MI_0, tr:0, type:'MI', lstate:true, loop:false, play_txt:'Play', pause_txt:'Pause', pp_title:'La Coixinera', autoplay:false, download:false, vol:100, height:120, cssclass:'nostop ', popout_css:{ enabled:true, \t\t\tcolours: [\"#f0f0f0\", \"rgba(0, 0, 0, 0.13)\", \"rgba(16, 16, 16, 0.82)\", \"rgba(0, 73, 86, 0.59)\", \"rgba(0, 177, 180, 0.99)\", \"transparent\", \"transparent\", \"#202020\", \"#ffffff\", \"#bdfdf7\", \"#00e2f0\", \"\/\", 400, 600 ],\n\t\t\tcssInterface: { \"color\": \"#202020\" },\n\t\t\tcssTitle: { \"left\": \"16px\", \"right\":\"16px\", \"top\":\"20px\" },\n\t\t\tcssImage: { \"overflow\": \"hidden\", \"width\":\"auto\", \"height\":\"120px\"  },\n\t\t\tcssFontSize: { \"title\": \"23px\", \"caption\": \"16.1px\", \"list\": \"17px\" },\n\t\t\tclasses: { interface:'', title:' left-mjp bold-mjp plain-mjp childNorm-mjp childItalic-mjp', image:' Himg right-mjp', poscol:' soften-mjp', ul:' lighten1-mjp childNorm-mjp childPlain-mjp left-mjp' }} };<\/script>\n\n\r\nEls temes marcats amb (*) no els tenim editats en cap dels nostres CD&#8217;s; o b\u00e9 han estat editats per altres o b\u00e9 s\u00f3n in\u00e8dits.","protected":false},"excerpt":{"rendered":"<p>Aqu\u00ed teniu una selecci\u00f3 d&#8217;alguns temes apareguts en diferents reculls, mostres, publicacions i presentacions en les que hem col\u00b7laborat. &nbsp; &nbsp; Els temes marcats amb (*) no els tenim editats en cap dels nostres CD&#8217;s; o b\u00e9 han estat editats per altres o b\u00e9 s\u00f3n in\u00e8dits.<\/p>\n","protected":false},"author":1,"featured_media":0,"parent":0,"menu_order":0,"comment_status":"closed","ping_status":"closed","template":"","meta":[],"_links":{"self":[{"href":"http:\/\/www.coixinera.cat\/index.php?rest_route=\/wp\/v2\/pages\/909"}],"collection":[{"href":"http:\/\/www.coixinera.cat\/index.php?rest_route=\/wp\/v2\/pages"}],"about":[{"href":"http:\/\/www.coixinera.cat\/index.php?rest_route=\/wp\/v2\/types\/page"}],"author":[{"embeddable":true,"href":"http:\/\/www.coixinera.cat\/index.php?rest_route=\/wp\/v2\/users\/1"}],"replies":[{"embeddable":true,"href":"http:\/\/www.coixinera.cat\/index.php?rest_route=%2Fwp%2Fv2%2Fcomments&post=909"}],"version-history":[{"count":28,"href":"http:\/\/www.coixinera.cat\/index.php?rest_route=\/wp\/v2\/pages\/909\/revisions"}],"predecessor-version":[{"id":980,"href":"http:\/\/www.coixinera.cat\/index.php?rest_route=\/wp\/v2\/pages\/909\/revisions\/980"}],"wp:attachment":[{"href":"http:\/\/www.coixinera.cat\/index.php?rest_route=%2Fwp%2Fv2%2Fmedia&parent=909"}],"curies":[{"name":"wp","href":"https:\/\/api.w.org\/{rel}","templated":true}]}}